{"id":286,"date":"2016-10-31T13:17:59","date_gmt":"2016-10-31T16:17:59","guid":{"rendered":"https:\/\/isfd108-bue.infd.edu.ar\/sitio\/?page_id=286"},"modified":"2026-03-12T21:08:20","modified_gmt":"2026-03-13T00:08:20","slug":"inicio","status":"publish","type":"page","link":"https:\/\/isfd108-bue.infd.edu.ar\/sitio\/","title":{"rendered":"Inicio"},"content":{"rendered":"<p><code><\/code><\/p>\n<p style=\"text-align: center;\"><img decoding=\"async\" loading=\"lazy\" src=\"https:\/\/isfd108-bue.infd.edu.ar\/aula\/archivos\/logos\/logo_Unidad_Acedemica_Manuel_Dorrego.png\" alt=\"\" width=\"119\" height=\"101\" border=\"0\" \/>\u00a0 \u00a0 \u00a0<strong><span style=\"color: #0000ff;\">Unidad Acad\u00e9mica<\/span><\/strong><\/p>\n<p style=\"text-align: center;\"><span style=\"background-color: #ffffff; color: #0000ff; font-size: 18pt;\"><strong>\u00abMANUEL DORREGO\u00bb\u00a0<\/strong><\/span><\/p>\n<p style=\"text-align: center;\"><span style=\"font-size: 10pt;\"><strong>Mor\u00f3n- Buenos Aires<\/strong><\/span><\/p>\n<p style=\"text-align: center;\"><img decoding=\"async\" loading=\"lazy\" title=\"ISFD108\" src=\"https:\/\/isfd108-bue.infd.edu.ar\/sitio\/wp-content\/uploads\/2018\/08\/ISFD108.jpg\" alt=\"ISFD108\" width=\"449\" height=\"310\" border=\"0\" \/><\/p>\n<p style=\"text-align: center;\"><span style=\"font-size: 10pt;\"><em><u>DESDE 1971 FORMANDO DOCENTES EN LA\u00a0<\/u><\/em><em><u>\u00a0ESCUELA P\u00daBLICA<\/u><\/em><\/span><\/p>\n<h1 style=\"text-align: center;\"><span style=\"font-size: 10pt;\">T\u00cdTULOS OFICIALES &#8211; 4 A\u00d1OS<\/span><\/h1>\n<p style=\"text-align: center;\"><strong>CARRERAS DE FORMACI\u00d3N DOCENTE\u00a0<\/strong><\/p>\n<p style=\"text-align: center;\">INFORMES Y CONSULTAS:\u00a0moronisfd108@gmail.com<\/p>\n<h1><img decoding=\"async\" loading=\"lazy\" class=\"aligncenter\" src=\"https:\/\/ens6-caba.infd.edu.ar\/sitio\/wp-content\/uploads\/2024\/12\/actualizaciones-del-blog-1.gif\" width=\"414\" height=\"118\" \/><\/h1>\n<p style=\"text-align: center;\">\u00a0<\/p>\n<h1 style=\"text-align: center;\"><span style=\"color: #ff0000;\">CHARLA INFORMATIVA PARA INGRESANTES 2026 (YA INSCRIPTOS)<\/span><\/h1>\n<h3 style=\"text-align: center;\"><span style=\"color: #ff0000;\">OBLIGATORIO EL USO DE GUARDAPOLVO<\/span><\/h3>\n<h2 style=\"text-align: center;\">TODOS LOS INSCRIPTOS EL<span style=\"color: #ff0000;\"> VIERNES 13\/3\/2026<\/span> EN LOS SIGUIENTES HORARIOS SEG\u00daN LA CARRERA<\/h2>\n<h2 style=\"text-align: center;\"><span style=\"color: #ff0000;\">PROFESORADO DE EDUCACI\u00d3N INICIAL (turno ma\u00f1ana)<\/span><\/h2>\n<h2 style=\"text-align: center;\">1\u00ba A -8:00 a 10:00 HS<\/h2>\n<h2 style=\"text-align: center;\">1\u00ba B- 10:00 a 12:00 HS<\/h2>\n<h2 style=\"text-align: center;\"><span style=\"color: #ff0000;\">PROFESORADO DE EDUCACI\u00d3N PRIMARIA Y PROFESORADO DE BIOLOG\u00cdA (turno vespertino)<\/span><\/h2>\n<h2 style=\"text-align: center;\">TODOS de 18:00 a 20:00 HS<\/h2>\n<h2 style=\"text-align: center;\"><span style=\"color: #ff0000;\">PROFESORADO DE EDUCACI\u00d3N ESPECIAL (INTELECTUAL Y SORDOS) (turno vespertino)<\/span><\/h2>\n<h2 style=\"text-align: center;\">TODOS de 20:00 a 22:00 hs<\/h2>\n<p>&nbsp;<\/p>\n<p>&nbsp;<\/p>\n<p>&nbsp;<\/p>\n<hr \/>\n<p style=\"text-align: center;\">\u00a0<\/p>\n<h2 style=\"text-align: center;\"><span style=\"color: #0000ff;\"><strong>\u00a0<span style=\"color: #333333;\">CARRERAS <\/span><\/strong><\/span><\/h2>\n<h2 style=\"text-align: center;\"><strong>DEL ISFD N\u00b0108 MANUEL DORREGO<\/strong><\/h2>\n<h4 style=\"text-align: left;\"><span style=\"text-decoration: underline; font-size: 10pt;\"><span style=\"color: #000000; text-decoration: underline;\">TURNO MA\u00d1ANA 8:00 a 12:10HS<\/span><\/span><\/h4>\n<p style=\"text-align: left;\"><strong><span style=\"font-size: 10pt;\">\u00a0 \u00a0 \u00a0 \u00a0 \u00a0 \u00a0 \u00a0PROF. DE EDUCACI\u00d3N INICIAL<\/span><\/strong><\/p>\n<p style=\"text-align: left;\"><strong><span style=\"text-decoration: underline; color: #000000;\"><span style=\"font-size: 10pt;\">TURNO VESPERTINO\u00a0 18:00 a 22:10 HS (Algunas materias y carreras tienen Pre horas ingreso 17:00 hs y post horas salida 22:45 hs)<\/span><\/span><\/strong><\/p>\n<p style=\"text-align: left;\"><strong><span style=\"font-size: 10pt;\">\u00a0 \u00a0 \u00a0 \u00a0 \u00a0 \u00a0 PROF. DE EDUCACI\u00d3N PRIMARIA\u00a0<\/span><\/strong><\/p>\n<p style=\"text-align: left;\"><strong><span style=\"font-size: 10pt;\">\u00a0 \u00a0 \u00a0 \u00a0 \u00a0 \u00a0 PROF. DE EDUCACI\u00d3N ESPECIAL- DISCAPACIDAD INTELECTUAL\u00a0<\/span><\/strong><\/p>\n<p style=\"text-align: left;\"><strong><span style=\"font-size: 10pt;\">\u00a0 \u00a0 \u00a0 \u00a0 \u00a0 \u00a0 PROF. DE EDUCACI\u00d3N ESPECIAL &#8211; SORDOS E HIPOAC\u00daSICOS\u00a0<\/span><\/strong><\/p>\n<p style=\"text-align: left;\"><strong><span style=\"font-size: 10pt;\">\u00a0 \u00a0 \u00a0 \u00a0 \u00a0 \u00a0 PROF. DE BIOLOG\u00cdA\u00a0<\/span><\/strong><\/p>\n<p><img decoding=\"async\" loading=\"lazy\" class=\"aligncenter wp-image-1167\" src=\"https:\/\/isfd108-bue.infd.edu.ar\/sitio\/wp-content\/uploads\/2023\/10\/QR-887x1000.jpg\" alt=\"\" width=\"201\" height=\"227\" srcset=\"https:\/\/isfd108-bue.infd.edu.ar\/sitio\/wp-content\/uploads\/2023\/10\/QR-887x1000.jpg 887w, https:\/\/isfd108-bue.infd.edu.ar\/sitio\/wp-content\/uploads\/2023\/10\/QR-768x866.jpg 768w, https:\/\/isfd108-bue.infd.edu.ar\/sitio\/wp-content\/uploads\/2023\/10\/QR-1363x1536.jpg 1363w, https:\/\/isfd108-bue.infd.edu.ar\/sitio\/wp-content\/uploads\/2023\/10\/QR.jpg 1622w\" sizes=\"(max-width: 201px) 100vw, 201px\" \/><\/p>\n<p>&nbsp;<\/p>\n<p>&nbsp;<\/p>\n<p>&nbsp;<\/p>\n<p style=\"text-align: center;\"><strong><span style=\"font-size: 10pt;\">******************************************<\/span><\/strong><\/p>\n<p style=\"text-align: center;\">\u00a0<\/p>\n","protected":false},"excerpt":{"rendered":"<p>\u00a0 \u00a0 \u00a0Unidad Acad\u00e9mica \u00abMANUEL DORREGO\u00bb\u00a0 Mor\u00f3n- Buenos Aires DESDE 1971 FORMANDO DOCENTES EN LA\u00a0\u00a0ESCUELA P\u00daBLICA T\u00cdTULOS OFICIALES &#8211; 4 A\u00d1OS CARRERAS DE FORMACI\u00d3N DOCENTE\u00a0 INFORMES Y CONSULTAS:\u00a0moronisfd108@gmail.com \u00a0 CHARLA INFORMATIVA PARA INGRESANTES 2026 (YA INSCRIPTOS) OBLIGATORIO EL USO DE GUARDAPOLVO TODOS LOS INSCRIPTOS EL VIERNES 13\/3\/2026 EN LOS SIGUIENTES HORARIOS SEG\u00daN LA CARRERA PROFESORADO &#8230; <a title=\"Inicio\" class=\"read-more\" href=\"https:\/\/isfd108-bue.infd.edu.ar\/sitio\/\" aria-label=\"More on Inicio\">[+]<\/a><\/p>\n","protected":false},"author":1,"featured_media":0,"parent":0,"menu_order":0,"comment_status":"closed","ping_status":"closed","template":"","meta":[],"acf":[],"_links":{"self":[{"href":"https:\/\/isfd108-bue.infd.edu.ar\/sitio\/wp-json\/wp\/v2\/pages\/286"}],"collection":[{"href":"https:\/\/isfd108-bue.infd.edu.ar\/sitio\/wp-json\/wp\/v2\/pages"}],"about":[{"href":"https:\/\/isfd108-bue.infd.edu.ar\/sitio\/wp-json\/wp\/v2\/types\/page"}],"author":[{"embeddable":true,"href":"https:\/\/isfd108-bue.infd.edu.ar\/sitio\/wp-json\/wp\/v2\/users\/1"}],"replies":[{"embeddable":true,"href":"https:\/\/isfd108-bue.infd.edu.ar\/sitio\/wp-json\/wp\/v2\/comments?post=286"}],"version-history":[{"count":378,"href":"https:\/\/isfd108-bue.infd.edu.ar\/sitio\/wp-json\/wp\/v2\/pages\/286\/revisions"}],"predecessor-version":[{"id":1314,"href":"https:\/\/isfd108-bue.infd.edu.ar\/sitio\/wp-json\/wp\/v2\/pages\/286\/revisions\/1314"}],"wp:attachment":[{"href":"https:\/\/isfd108-bue.infd.edu.ar\/sitio\/wp-json\/wp\/v2\/media?parent=286"}],"curies":[{"name":"wp","href":"https:\/\/api.w.org\/{rel}","templated":true}]}}