{"id":792,"date":"2018-08-29T22:19:11","date_gmt":"2018-08-30T01:19:11","guid":{"rendered":"https:\/\/isfd108-bue.infd.edu.ar\/sitio\/postitulos-docentes\/"},"modified":"2024-03-15T11:30:33","modified_gmt":"2024-03-15T14:30:33","slug":"postitulos-docentes","status":"publish","type":"page","link":"https:\/\/isfd108-bue.infd.edu.ar\/sitio\/postitulos-docentes\/","title":{"rendered":"Curso Inicial"},"content":{"rendered":"<h1 style=\"text-align: center;\"><strong>Curso Inicial <\/strong><\/h1>\n<h2 style=\"text-align: center;\"><strong>Ciclo lectivo 2024<\/strong><\/h2>\n<h2 style=\"text-align: center;\">Inicio 11\/03\/2024<\/h2>\n<h2 style=\"text-align: center;\">Finalizaci\u00f3n 05\/04\/2024<\/h2>\n<h2 style=\"text-align: center;\">3<\/h2>\n<h3><strong>Turno ma\u00f1ana: <\/strong><\/h3>\n<h3>Profesorado de Educaci\u00f3n Inicial de 8:00 a 12:00 hs<\/h3>\n<h3><strong>Turno vespertino:<\/strong><\/h3>\n<h3>Profesorado de Educaci\u00f3n Primaria de 18:00 a 22:00 hs<\/h3>\n<h3>Profesorado de Educaci\u00f3n Especial (Sordos\/Intelectual) de 18:00 a 22:00 hs<\/h3>\n<h3>Profesorado de Biolog\u00eda de 18:00 a 22:00 hs.<\/h3>\n<p style=\"text-align: center;\"><span style=\"color: #ff0000; font-size: 14pt;\"><strong>\u00a0<\/strong><\/span><\/p>\n<p style=\"text-align: center;\"><span style=\"font-size: 10pt;\"><a href=\"http:\/\/nuestraescuela.educacion.gov.ar\/postitulos\/\" target=\"_blank\" rel=\"noopener\">\u00a0<\/a><\/span><\/p>\n<p style=\"text-align: center;\">\u00a0<strong style=\"color: #ff0000; font-size: 12pt;\"><strong><strong><br \/>\n<\/strong><\/strong><\/strong><\/p>\n<p><span style=\"text-decoration: underline;\"><strong><span style=\"font-size: 12pt;\">\u00a0<\/span><\/strong><\/span><\/p>\n","protected":false},"excerpt":{"rendered":"<p>Curso Inicial Ciclo lectivo 2024 Inicio 11\/03\/2024 Finalizaci\u00f3n 05\/04\/2024 3 Turno ma\u00f1ana: Profesorado de Educaci\u00f3n Inicial de 8:00 a 12:00 hs Turno vespertino: Profesorado de Educaci\u00f3n Primaria de 18:00 a 22:00 hs Profesorado de Educaci\u00f3n Especial (Sordos\/Intelectual) de 18:00 a 22:00 hs Profesorado de Biolog\u00eda de 18:00 a 22:00 hs. \u00a0 \u00a0 \u00a0 \u00a0<\/p>\n","protected":false},"author":143,"featured_media":0,"parent":0,"menu_order":0,"comment_status":"closed","ping_status":"closed","template":"","meta":[],"acf":[],"_links":{"self":[{"href":"https:\/\/isfd108-bue.infd.edu.ar\/sitio\/wp-json\/wp\/v2\/pages\/792"}],"collection":[{"href":"https:\/\/isfd108-bue.infd.edu.ar\/sitio\/wp-json\/wp\/v2\/pages"}],"about":[{"href":"https:\/\/isfd108-bue.infd.edu.ar\/sitio\/wp-json\/wp\/v2\/types\/page"}],"author":[{"embeddable":true,"href":"https:\/\/isfd108-bue.infd.edu.ar\/sitio\/wp-json\/wp\/v2\/users\/143"}],"replies":[{"embeddable":true,"href":"https:\/\/isfd108-bue.infd.edu.ar\/sitio\/wp-json\/wp\/v2\/comments?post=792"}],"version-history":[{"count":4,"href":"https:\/\/isfd108-bue.infd.edu.ar\/sitio\/wp-json\/wp\/v2\/pages\/792\/revisions"}],"predecessor-version":[{"id":1224,"href":"https:\/\/isfd108-bue.infd.edu.ar\/sitio\/wp-json\/wp\/v2\/pages\/792\/revisions\/1224"}],"wp:attachment":[{"href":"https:\/\/isfd108-bue.infd.edu.ar\/sitio\/wp-json\/wp\/v2\/media?parent=792"}],"curies":[{"name":"wp","href":"https:\/\/api.w.org\/{rel}","templated":true}]}}